{"id":520,"date":"2021-11-04T11:18:11","date_gmt":"2021-11-04T10:18:11","guid":{"rendered":"https:\/\/wineinspiration.de\/vino-aromas\/"},"modified":"2023-07-28T08:11:47","modified_gmt":"2023-07-28T06:11:47","slug":"vino-aromas","status":"publish","type":"page","link":"https:\/\/wineinspiration.de\/es\/vino-aromas\/","title":{"rendered":"Vinos &amp; Aromas"},"content":{"rendered":"<p>[et_pb_section fb_built=\u00bb1&#8243; next_background_color=\u00bb#ffffff\u00bb admin_label=\u00bbHeader\u00bb _builder_version=\u00bb4.16&#8243; use_background_color_gradient=\u00bbon\u00bb background_color_gradient_direction=\u00bb140deg\u00bb background_color_gradient_stops=\u00bbrgba(255,255,255,0.67) 0%|rgba(255,255,255,0.3) 100%\u00bb background_color_gradient_overlays_image=\u00bbon\u00bb background_color_gradient_start=\u00bbrgba(255,255,255,0.67)\u00bb background_color_gradient_end=\u00bbrgba(255,255,255,0.3)\u00bb background_image=\u00bbhttps:\/\/wineinspiration.de\/wp-content\/uploads\/2021\/10\/experiencias-aromas.jpg\u00bb max_width=\u00bb100%\u00bb custom_padding=\u00bb3vw||3vw||true|false\u00bb bottom_divider_style=\u00bbwaves2&#8243; bottom_divider_height=\u00bb50px\u00bb da_disable_devices=\u00bboff|off|off\u00bb box_shadow_style=\u00bbpreset4&#8243; box_shadow_horizontal=\u00bb30vw\u00bb box_shadow_vertical=\u00bb-15vw\u00bb box_shadow_color=\u00bb#dcc59d\u00bb locked=\u00bboff\u00bb global_colors_info=\u00bb{}\u00bb da_is_popup=\u00bboff\u00bb da_exit_intent=\u00bboff\u00bb da_has_close=\u00bbon\u00bb da_alt_close=\u00bboff\u00bb da_dark_close=\u00bboff\u00bb da_not_modal=\u00bbon\u00bb da_is_singular=\u00bboff\u00bb da_with_loader=\u00bboff\u00bb da_has_shadow=\u00bbon\u00bb][et_pb_row make_equal=\u00bbon\u00bb _builder_version=\u00bb4.16&#8243; max_width=\u00bbnone\u00bb locked=\u00bboff\u00bb global_colors_info=\u00bb{}\u00bb][et_pb_column type=\u00bb4_4&#8243; _builder_version=\u00bb4.16&#8243; custom_css_main_element=\u00bbmargin: auto;\u00bb global_colors_info=\u00bb{}\u00bb][et_pb_text _builder_version=\u00bb4.16&#8243; header_font=\u00bbPlayfair Display|500|||||||\u00bb header_font_size=\u00bb70px\u00bb header_line_height=\u00bb1.2em\u00bb header_2_font=\u00bbPlayfair Display|700|||||||\u00bb header_2_font_size=\u00bb20px\u00bb header_2_line_height=\u00bb1.2em\u00bb header_font_size_tablet=\u00bb80px\u00bb header_font_size_phone=\u00bb40px\u00bb header_font_size_last_edited=\u00bbon|phone\u00bb locked=\u00bboff\u00bb global_colors_info=\u00bb{}\u00bb]<\/p>\n<h1>Vinos &amp; Aromas<\/h1>\n<p>[\/et_pb_text][\/et_pb_column][\/et_pb_row][\/et_pb_section][et_pb_section fb_built=\u00bb1&#8243; admin_label=\u00bbAbout\u00bb _builder_version=\u00bb4.16&#8243; background_image=\u00bbhttps:\/\/wineinspiration.de\/wp-content\/uploads\/2021\/10\/fondo-ilustracion-home-blog.png\u00bb background_size=\u00bbcontain\u00bb custom_padding=\u00bb26px|||||\u00bb da_disable_devices=\u00bboff|off|off\u00bb global_colors_info=\u00bb{}\u00bb da_is_popup=\u00bboff\u00bb da_exit_intent=\u00bboff\u00bb da_has_close=\u00bbon\u00bb da_alt_close=\u00bboff\u00bb da_dark_close=\u00bboff\u00bb da_not_modal=\u00bbon\u00bb da_is_singular=\u00bboff\u00bb da_with_loader=\u00bboff\u00bb da_has_shadow=\u00bbon\u00bb][et_pb_row column_structure=\u00bb3_5,2_5&#8243; _builder_version=\u00bb4.16&#8243; max_width=\u00bbnone\u00bb global_colors_info=\u00bb{}\u00bb][et_pb_column type=\u00bb3_5&#8243; _builder_version=\u00bb4.16&#8243; global_colors_info=\u00bb{}\u00bb][et_pb_text _builder_version=\u00bb4.16&#8243; text_font_size=\u00bb16px\u00bb text_line_height=\u00bb2em\u00bb header_font=\u00bb||||||||\u00bb header_3_font=\u00bbPlayfair Display|700|||||||\u00bb header_3_font_size=\u00bb50px\u00bb header_3_line_height=\u00bb1.2em\u00bb text_orientation=\u00bbjustified\u00bb text_font_size_tablet=\u00bb\u00bb text_font_size_phone=\u00bb16px\u00bb text_font_size_last_edited=\u00bbon|phone\u00bb header_3_font_size_tablet=\u00bb40px\u00bb header_3_font_size_phone=\u00bb30px\u00bb header_3_font_size_last_edited=\u00bbon|phone\u00bb custom_css_main_element=\u00bb||\u00bb locked=\u00bboff\u00bb global_colors_info=\u00bb{}\u00bb custom_css_main_element_last_edited=\u00bboff|desktop\u00bb custom_css_main_element_tablet=\u00bbcolumn-count: 1;\u00bb custom_css_main_element_phone=\u00bbcolumn-count: 1;\u00bb]<\/p>\n<h2>Aromas del vino: un maravilloso paseo a trav\u00e9s de nuestros sentidos.<\/h2>\n<p>\u00bfSabes qu\u00e9 es la <a href=\"https:\/\/blog.perfumeriasunidas.com\/por-que-los-perfumes-traen-recuerdos-conoce-todo-sobre-la-memoria-olfativa\" target=\"_blank\" rel=\"noopener\">memoria olfativa<\/a>? Yo dir\u00eda que es como una biblioteca de recuerdos que permanece en nuestra cabeza desde que somos ni\u00f1os y que, gracias al vino, podemos evocar.<\/p>\n<p>Aprende conmigo los pasos b\u00e1sicos necesarios para catar vinos, de forma did\u00e1ctica y divertida. Descubre los secretos mejor guardados de renombradas variedades de uva sudamericanas, y pon a prueba tu memoria olfativa mientras bebes vinos deliciosos.<\/p>\n<p>Durante dos horas te proporcionar\u00e9 las herramientas necesarias para disfrutar del vino al m\u00e1ximo. Esto no s\u00f3lo incluye el aprendizaje de todos los pasos de una cata de vinos, sino tambi\u00e9n la historia que hay detr\u00e1s de las variedades de uva y los vinos que disfrutaremos.<\/p>\n<p>Tambi\u00e9n participar\u00e1s en un taller de aromas a trav\u00e9s del cual, con la ayuda de esencias arom\u00e1ticas, podr\u00e1s aprender y explorar tus propias habilidades olfativas. Esto te ayudar\u00e1 a reconocer los aromas de los vinos de la cata, as\u00ed como de los que beber\u00e1s en el futuro.<\/p>\n<p>Durante la cata degustaremos 4 vinos (blancos y tintos) de Sudam\u00e9rica (de Argentina, Chile, <a href=\"https:\/\/wineinspiration.de\/es\/uruguay\/\">Uruguay<\/a> o una combinaci\u00f3n de estos pa\u00edses). Los vinos no suelen ser los mismos en cada experiencia, ya que siempre intentar\u00e9 seleccionar las a\u00f1adas m\u00e1s representativas.<\/p>\n<p><strong><em> Por favor ten en cuenta que esta experiencia es s\u00f3lo un ejemplo. Sientete libre de contactarme si tienes en mente alguna otra idea con vino. <\/em><\/strong><\/p>\n<p>[\/et_pb_text][et_pb_button button_url=\u00bb#contact\u00bb button_text=\u00bbQuiero hacer esta experiencia\u00bb button_alignment=\u00bbcenter\u00bb _builder_version=\u00bb4.16&#8243; custom_button=\u00bbon\u00bb button_text_size=\u00bb12px\u00bb button_text_color=\u00bb#960301&#8243; button_bg_color=\u00bb#d8c9d8&#8243; button_bg_color_gradient_direction=\u00bb89deg\u00bb button_bg_color_gradient_stops=\u00bb#ffcfaa 0%|#fa6eb9 100%\u00bb button_bg_color_gradient_start=\u00bb#ffcfaa\u00bb button_bg_color_gradient_end=\u00bb#fa6eb9&#8243; button_border_width=\u00bb0px\u00bb button_border_radius=\u00bb100px\u00bb button_letter_spacing=\u00bb2px\u00bb button_font=\u00bb|700||on|||||\u00bb custom_margin=\u00bb20px||||false|false\u00bb custom_padding=\u00bb14px|27px|14px|27px|true|true\u00bb box_shadow_style=\u00bbpreset3&#8243; box_shadow_color=\u00bbrgba(0,0,0,0.1)\u00bb locked=\u00bboff\u00bb global_colors_info=\u00bb{}\u00bb][\/et_pb_button][\/et_pb_column][et_pb_column type=\u00bb2_5&#8243; _builder_version=\u00bb4.16&#8243; global_colors_info=\u00bb{}\u00bb][et_pb_image src=\u00bbhttps:\/\/wineinspiration.de\/wp-content\/uploads\/2021\/10\/experiencias-aromas.jpg\u00bb alt=\u00bbwine aromas training\u00bb title_text=\u00bbwine aromas training\u00bb _builder_version=\u00bb4.16&#8243; _module_preset=\u00bbdefault\u00bb box_shadow_style=\u00bbpreset3&#8243; global_colors_info=\u00bb{}\u00bb][\/et_pb_image][et_pb_blurb _builder_version=\u00bb4.19.0&#8243; _module_preset=\u00bbdefault\u00bb background_color=\u00bb#efefef\u00bb custom_padding=\u00bb10px|10px|10px|10px|true|true\u00bb hover_enabled=\u00bb0&#8243; box_shadow_style=\u00bbpreset3&#8243; global_colors_info=\u00bb{}\u00bb sticky_enabled=\u00bb0&#8243;]<\/p>\n<p><strong>Duration:<\/strong> 2 hours<br \/><strong>Number of participants:<\/strong> maximum 8<br \/><strong>Price:<\/strong> 130 \u20ac (up to 2 participants)<br \/><strong>Additional participants:<\/strong> 55 \u20ac per extra person (from 3 to 8).<br \/><strong>Optional: <\/strong>Typical South American food also available upon request.<br \/><em><strong>This experience is available anywhere within the city of Berlin.<\/strong><\/em><\/p>\n<p>[\/et_pb_blurb][\/et_pb_column][\/et_pb_row][et_pb_row column_structure=\u00bb1_2,1_4,1_4&#8243; use_custom_gutter=\u00bbon\u00bb gutter_width=\u00bb2&#8243; make_equal=\u00bbon\u00bb _builder_version=\u00bb4.16&#8243; max_width=\u00bbnone\u00bb global_colors_info=\u00bb{}\u00bb][et_pb_column type=\u00bb1_2&#8243; _builder_version=\u00bb4.16&#8243; background_enable_color=\u00bboff\u00bb use_background_color_gradient=\u00bbon\u00bb background_color_gradient_type=\u00bbcircular\u00bb background_color_gradient_direction_radial=\u00bbtop\u00bb background_color_gradient_stops=\u00bb#6e3870 77%|rgba(0,0,0,0) 79%\u00bb background_color_gradient_start=\u00bb#6e3870&#8243; background_color_gradient_start_position=\u00bb77%\u00bb background_color_gradient_end=\u00bbrgba(0,0,0,0)\u00bb background_color_gradient_end_position=\u00bb79%\u00bb custom_padding=\u00bb20px|20px|20px|20px|true|true\u00bb global_colors_info=\u00bb{}\u00bb][et_pb_text _builder_version=\u00bb4.16&#8243; text_font_size=\u00bb16px\u00bb text_line_height=\u00bb1.8em\u00bb header_font=\u00bb||||||||\u00bb header_3_font=\u00bbPlayfair Display|500|||||||\u00bb header_3_font_size=\u00bb40px\u00bb header_3_line_height=\u00bb1.2em\u00bb background_layout=\u00bbdark\u00bb max_width=\u00bb600px\u00bb max_width_last_edited=\u00bboff|phone\u00bb text_font_size_phone=\u00bb16px\u00bb text_font_size_last_edited=\u00bboff|desktop\u00bb header_3_font_size_tablet=\u00bb40px\u00bb header_3_font_size_phone=\u00bb30px\u00bb header_3_font_size_last_edited=\u00bbon|phone\u00bb locked=\u00bboff\u00bb global_colors_info=\u00bb{}\u00bb]<\/p>\n<h3>\u00bfPor qu\u00e9 estoy tan enamorada de los vinos sudamericanos?<\/h3>\n<p>[\/et_pb_text][et_pb_text _builder_version=\u00bb4.16&#8243; text_line_height=\u00bb1.8em\u00bb header_3_font=\u00bbPlayfair Display|700|||||||\u00bb header_3_font_size=\u00bb24px\u00bb header_3_line_height=\u00bb1.2em\u00bb background_layout=\u00bbdark\u00bb custom_margin=\u00bb30px|||||\u00bb custom_padding=\u00bb||0px|||\u00bb global_colors_info=\u00bb{}\u00bb]<\/p>\n<p>Los vinos sudamericanos llevan d\u00e9cadas despertando un enorme inter\u00e9s entre conocedores, expertos y consumidores de todo el mundo, pero \u00bfqu\u00e9 los hace tan especiales?<\/p>\n<p>Te invito a conocer m\u00e1s sobre sus or\u00edgenes, sus terru\u00f1os y por qu\u00e9 son tan deliciosos.<\/p>\n<p>[\/et_pb_text][et_pb_button button_url=\u00bb@ET-DC@eyJkeW5hbWljIjp0cnVlLCJjb250ZW50IjoicG9zdF9saW5rX3VybF9wYWdlIiwic2V0dGluZ3MiOnsicG9zdF9pZCI6IjIxMSJ9fQ==@\u00bb button_text=\u00bbQuiero saber m\u00e1s\u00bb button_alignment=\u00bbcenter\u00bb _builder_version=\u00bb4.16&#8243; _dynamic_attributes=\u00bbbutton_url\u00bb custom_button=\u00bbon\u00bb button_text_size=\u00bb12px\u00bb button_text_color=\u00bb#960301&#8243; button_bg_color=\u00bbrgba(255,255,255,0.73)\u00bb button_bg_color_gradient_direction=\u00bb89deg\u00bb button_bg_color_gradient_stops=\u00bb#ffcfaa 0%|#fa6eb9 100%\u00bb button_bg_color_gradient_start=\u00bb#ffcfaa\u00bb button_bg_color_gradient_end=\u00bb#fa6eb9&#8243; button_border_width=\u00bb0px\u00bb button_border_radius=\u00bb100px\u00bb button_letter_spacing=\u00bb2px\u00bb button_font=\u00bb|700||on|||||\u00bb custom_margin=\u00bb20px||||false|false\u00bb custom_padding=\u00bb14px|27px|14px|27px|true|true\u00bb box_shadow_style=\u00bbpreset3&#8243; box_shadow_vertical=\u00bb20px\u00bb box_shadow_blur=\u00bb40px\u00bb box_shadow_spread=\u00bb0px\u00bb box_shadow_color=\u00bbrgba(0,0,0,0.1)\u00bb locked=\u00bboff\u00bb global_colors_info=\u00bb{}\u00bb][\/et_pb_button][\/et_pb_column][et_pb_column type=\u00bb1_4&#8243; _builder_version=\u00bb4.16&#8243; background_enable_color=\u00bboff\u00bb global_colors_info=\u00bb{}\u00bb][et_pb_text _builder_version=\u00bb4.16&#8243; _dynamic_attributes=\u00bblink_option_url\u00bb header_3_font=\u00bb|700||on|||||\u00bb header_3_font_size=\u00bb16px\u00bb header_3_letter_spacing=\u00bb6px\u00bb header_3_line_height=\u00bb1.2em\u00bb use_background_color_gradient=\u00bbon\u00bb background_color_gradient_stops=\u00bbrgba(0,0,0,0) 30%|#6e3870 100%\u00bb background_color_gradient_overlays_image=\u00bbon\u00bb background_color_gradient_start=\u00bbrgba(0,0,0,0)\u00bb background_color_gradient_start_position=\u00bb30%\u00bb background_color_gradient_end=\u00bb#6e3870&#8243; background_image=\u00bbhttps:\/\/wineinspiration.de\/wp-content\/uploads\/2021\/10\/experiencias-celebracion.jpg\u00bb z_index=\u00bb11&#8243; text_orientation=\u00bbcenter\u00bb background_layout=\u00bbdark\u00bb custom_margin=\u00bb||0px||false|false\u00bb custom_padding=\u00bb300px||100px||false|false\u00bb custom_padding_tablet=\u00bb80px||80px||true|false\u00bb custom_padding_phone=\u00bb\u00bb custom_padding_last_edited=\u00bbon|phone\u00bb link_option_url=\u00bb@ET-DC@eyJkeW5hbWljIjp0cnVlLCJjb250ZW50IjoicG9zdF9saW5rX3VybF9wYWdlIiwic2V0dGluZ3MiOnsicG9zdF9pZCI6IjE5MCJ9fQ==@\u00bb locked=\u00bboff\u00bb global_colors_info=\u00bb{}\u00bb custom_padding__hover=\u00bb280px||120px||false|false\u00bb custom_padding__hover_enabled=\u00bbon|desktop\u00bb]<\/p>\n<h3>Vinos &amp; Celebraci\u00f3n<\/h3>\n<p>[\/et_pb_text][et_pb_button button_url=\u00bb@ET-DC@eyJkeW5hbWljIjp0cnVlLCJjb250ZW50IjoicG9zdF9saW5rX3VybF9wYWdlIiwic2V0dGluZ3MiOnsicG9zdF9pZCI6IjE5MCJ9fQ==@\u00bb button_text=\u00bb \u00bb button_alignment=\u00bbcenter\u00bb _builder_version=\u00bb4.16&#8243; _dynamic_attributes=\u00bbbutton_url\u00bb custom_button=\u00bbon\u00bb button_text_color=\u00bb#ffffff\u00bb button_bg_color=\u00bb#960301&#8243; button_border_width=\u00bb0px\u00bb button_border_radius=\u00bb0px\u00bb button_icon=\u00bb&#x24;||divi||400&#8243; button_on_hover=\u00bboff\u00bb transform_translate=\u00bb0px|-8px\u00bb transform_translate_linked=\u00bboff\u00bb custom_margin=\u00bb||||false|false\u00bb custom_padding=\u00bb10px|130px|34px|100px|false|false\u00bb global_colors_info=\u00bb{}\u00bb custom_padding__hover_enabled=\u00bbon|hover\u00bb custom_padding__hover=\u00bb6px||38px||false|false\u00bb custom_margin__hover_enabled=\u00bboff|desktop\u00bb transform_styles__hover_enabled=\u00bbon|hover\u00bb transform_translate__hover=\u00bb0px|0px\u00bb transform_translate__hover_enabled=\u00bbon|hover\u00bb transform_scale__hover_enabled=\u00bbon|desktop\u00bb transform_rotate__hover_enabled=\u00bbon|desktop\u00bb transform_skew__hover_enabled=\u00bbon|desktop\u00bb transform_origin__hover_enabled=\u00bbon|desktop\u00bb][\/et_pb_button][\/et_pb_column][et_pb_column type=\u00bb1_4&#8243; _builder_version=\u00bb4.16&#8243; background_enable_color=\u00bboff\u00bb global_colors_info=\u00bb{}\u00bb][et_pb_text _builder_version=\u00bb4.16&#8243; _dynamic_attributes=\u00bblink_option_url\u00bb header_3_font=\u00bb|700||on|||||\u00bb header_3_font_size=\u00bb16px\u00bb header_3_letter_spacing=\u00bb6px\u00bb header_3_line_height=\u00bb1.2em\u00bb use_background_color_gradient=\u00bbon\u00bb background_color_gradient_stops=\u00bbrgba(0,0,0,0) 30%|#6e3870 100%\u00bb background_color_gradient_overlays_image=\u00bbon\u00bb background_color_gradient_start=\u00bbrgba(0,0,0,0)\u00bb background_color_gradient_start_position=\u00bb30%\u00bb background_color_gradient_end=\u00bb#6e3870&#8243; background_image=\u00bbhttps:\/\/wineinspiration.de\/wp-content\/uploads\/2021\/10\/experiencias-corporativas.jpg\u00bb z_index=\u00bb11&#8243; text_orientation=\u00bbcenter\u00bb background_layout=\u00bbdark\u00bb custom_margin=\u00bb||0px||false|false\u00bb custom_padding=\u00bb300px||100px||false|false\u00bb custom_padding_tablet=\u00bb80px||80px||true|false\u00bb custom_padding_phone=\u00bb\u00bb custom_padding_last_edited=\u00bbon|phone\u00bb link_option_url=\u00bb@ET-DC@eyJkeW5hbWljIjp0cnVlLCJjb250ZW50IjoicG9zdF9saW5rX3VybF9wYWdlIiwic2V0dGluZ3MiOnsicG9zdF9pZCI6IjE5NSJ9fQ==@\u00bb locked=\u00bboff\u00bb global_colors_info=\u00bb{}\u00bb border_color_bottom__hover_enabled=\u00bbon|desktop\u00bb border_color_bottom__hover=\u00bb#bebebe\u00bb custom_padding__hover=\u00bb280px||120px||false|false\u00bb custom_padding__hover_enabled=\u00bbon|desktop\u00bb]<\/p>\n<h3>Vinos &amp; Compan\u00eda<\/h3>\n<p>[\/et_pb_text][et_pb_button button_url=\u00bb@ET-DC@eyJkeW5hbWljIjp0cnVlLCJjb250ZW50IjoicG9zdF9saW5rX3VybF9wYWdlIiwic2V0dGluZ3MiOnsicG9zdF9pZCI6IjE5NSJ9fQ==@\u00bb button_text=\u00bb \u00bb button_alignment=\u00bbcenter\u00bb _builder_version=\u00bb4.16&#8243; _dynamic_attributes=\u00bbbutton_url\u00bb custom_button=\u00bbon\u00bb button_text_color=\u00bb#ffffff\u00bb button_bg_color=\u00bb#960301&#8243; button_border_width=\u00bb0px\u00bb button_border_radius=\u00bb0px\u00bb button_icon=\u00bb&#x24;||divi||400&#8243; button_on_hover=\u00bboff\u00bb transform_translate=\u00bb0px|-8px\u00bb transform_translate_linked=\u00bboff\u00bb custom_margin=\u00bb||||false|false\u00bb custom_padding=\u00bb10px|130px|34px|100px|false|false\u00bb global_colors_info=\u00bb{}\u00bb custom_padding__hover_enabled=\u00bbon|hover\u00bb custom_padding__hover=\u00bb6px||38px||false|false\u00bb custom_margin__hover_enabled=\u00bboff|desktop\u00bb transform_styles__hover_enabled=\u00bbon|hover\u00bb transform_translate__hover=\u00bb0px|0px\u00bb transform_translate__hover_enabled=\u00bbon|hover\u00bb transform_scale__hover_enabled=\u00bbon|desktop\u00bb transform_rotate__hover_enabled=\u00bbon|desktop\u00bb transform_skew__hover_enabled=\u00bbon|desktop\u00bb transform_origin__hover_enabled=\u00bbon|desktop\u00bb][\/et_pb_button][\/et_pb_column][\/et_pb_row][\/et_pb_section]<\/p>\n","protected":false},"excerpt":{"rendered":"<p>Vinos &amp; AromasAromas del vino: un maravilloso paseo a trav\u00e9s de nuestros sentidos. \u00bfSabes qu\u00e9 es la memoria olfativa? Yo dir\u00eda que es como una biblioteca de recuerdos que permanece en nuestra cabeza desde que somos ni\u00f1os y que, gracias al vino, podemos evocar. Aprende conmigo los pasos b\u00e1sicos necesarios para catar vinos, de forma [&hellip;]<\/p>\n","protected":false},"author":1,"featured_media":0,"parent":0,"menu_order":0,"comment_status":"closed","ping_status":"closed","template":"","meta":{"_et_pb_use_builder":"on","_et_pb_old_content":"","_et_gb_content_width":"","footnotes":""},"class_list":["post-520","page","type-page","status-publish","hentry"],"_links":{"self":[{"href":"https:\/\/wineinspiration.de\/es\/wp-json\/wp\/v2\/pages\/520","targetHints":{"allow":["GET"]}}],"collection":[{"href":"https:\/\/wineinspiration.de\/es\/wp-json\/wp\/v2\/pages"}],"about":[{"href":"https:\/\/wineinspiration.de\/es\/wp-json\/wp\/v2\/types\/page"}],"author":[{"embeddable":true,"href":"https:\/\/wineinspiration.de\/es\/wp-json\/wp\/v2\/users\/1"}],"replies":[{"embeddable":true,"href":"https:\/\/wineinspiration.de\/es\/wp-json\/wp\/v2\/comments?post=520"}],"version-history":[{"count":21,"href":"https:\/\/wineinspiration.de\/es\/wp-json\/wp\/v2\/pages\/520\/revisions"}],"predecessor-version":[{"id":776,"href":"https:\/\/wineinspiration.de\/es\/wp-json\/wp\/v2\/pages\/520\/revisions\/776"}],"wp:attachment":[{"href":"https:\/\/wineinspiration.de\/es\/wp-json\/wp\/v2\/media?parent=520"}],"curies":[{"name":"wp","href":"https:\/\/api.w.org\/{rel}","templated":true}]}}