{"id":514,"date":"2021-11-04T11:01:02","date_gmt":"2021-11-04T10:01:02","guid":{"rendered":"https:\/\/wineinspiration.de\/vinos-del-nuevo-mundo\/"},"modified":"2021-11-17T12:56:19","modified_gmt":"2021-11-17T11:56:19","slug":"vinos-de-sudamerica","status":"publish","type":"page","link":"https:\/\/wineinspiration.de\/es\/vinos-de-sudamerica\/","title":{"rendered":"Vinos de Sudam\u00e9rica"},"content":{"rendered":"\n[et_pb_section fb_built=\u00bb1&#8243; next_background_color=\u00bb#ffffff\u00bb admin_label=\u00bbHeader\u00bb _builder_version=\u00bb4.11.4&#8243; use_background_color_gradient=\u00bbon\u00bb background_color_gradient_start=\u00bbrgba(255,255,255,0.67)\u00bb background_color_gradient_end=\u00bbrgba(255,255,255,0.3)\u00bb background_color_gradient_direction=\u00bb140deg\u00bb background_color_gradient_overlays_image=\u00bbon\u00bb background_image=\u00bbhttps:\/\/wineinspiration.de\/wp-content\/uploads\/2021\/11\/fondo-chile.jpg\u00bb max_width=\u00bb100%\u00bb custom_padding=\u00bb3vw||3vw||true|false\u00bb bottom_divider_style=\u00bbwaves2&#8243; bottom_divider_height=\u00bb50px\u00bb da_disable_devices=\u00bboff|off|off\u00bb box_shadow_style=\u00bbpreset4&#8243; box_shadow_horizontal=\u00bb30vw\u00bb box_shadow_vertical=\u00bb-15vw\u00bb box_shadow_color=\u00bb#dcc59d\u00bb locked=\u00bboff\u00bb global_colors_info=\u00bb{}\u00bb da_is_popup=\u00bboff\u00bb da_exit_intent=\u00bboff\u00bb da_has_close=\u00bbon\u00bb da_alt_close=\u00bboff\u00bb da_dark_close=\u00bboff\u00bb da_not_modal=\u00bbon\u00bb da_is_singular=\u00bboff\u00bb da_with_loader=\u00bboff\u00bb da_has_shadow=\u00bbon\u00bb][et_pb_row make_equal=\u00bbon\u00bb _builder_version=\u00bb4.11.4&#8243; max_width=\u00bbnone\u00bb locked=\u00bboff\u00bb global_colors_info=\u00bb{}\u00bb][et_pb_column type=\u00bb4_4&#8243; _builder_version=\u00bb4.11.4&#8243; custom_css_main_element=\u00bbmargin: auto;\u00bb global_colors_info=\u00bb{}\u00bb][et_pb_text _builder_version=\u00bb4.12.1&#8243; header_font=\u00bbPlayfair Display|500|||||||\u00bb header_font_size=\u00bb70px\u00bb header_line_height=\u00bb1.2em\u00bb header_2_font=\u00bbPlayfair Display|700|||||||\u00bb header_2_font_size=\u00bb20px\u00bb header_2_line_height=\u00bb1.2em\u00bb header_font_size_tablet=\u00bb80px\u00bb header_font_size_phone=\u00bb40px\u00bb header_font_size_last_edited=\u00bbon|phone\u00bb locked=\u00bboff\u00bb global_colors_info=\u00bb{}\u00bb]<h1>Vinos de Sudam\u00e9rica<\/h1>[\/et_pb_text][\/et_pb_column][\/et_pb_row][\/et_pb_section][et_pb_section fb_built=\u00bb1&#8243; admin_label=\u00bbAbout\u00bb _builder_version=\u00bb4.11.4&#8243; background_image=\u00bbhttps:\/\/wineinspiration.de\/wp-content\/uploads\/2021\/10\/fondo-ilustracion-home-blog.png\u00bb background_size=\u00bbcontain\u00bb custom_padding=\u00bb26px|||||\u00bb da_disable_devices=\u00bboff|off|off\u00bb global_colors_info=\u00bb{}\u00bb da_is_popup=\u00bboff\u00bb da_exit_intent=\u00bboff\u00bb da_has_close=\u00bbon\u00bb da_alt_close=\u00bboff\u00bb da_dark_close=\u00bboff\u00bb da_not_modal=\u00bbon\u00bb da_is_singular=\u00bboff\u00bb da_with_loader=\u00bboff\u00bb da_has_shadow=\u00bbon\u00bb][et_pb_row column_structure=\u00bb3_5,2_5&#8243; _builder_version=\u00bb4.11.4&#8243; max_width=\u00bbnone\u00bb global_colors_info=\u00bb{}\u00bb][et_pb_column type=\u00bb3_5&#8243; _builder_version=\u00bb4.0.9&#8243; global_colors_info=\u00bb{}\u00bb][et_pb_text _builder_version=\u00bb4.13.0&#8243; text_font_size=\u00bb16px\u00bb text_line_height=\u00bb2em\u00bb header_font=\u00bb||||||||\u00bb header_3_font=\u00bbPlayfair Display|700|||||||\u00bb header_3_font_size=\u00bb50px\u00bb header_3_line_height=\u00bb1.2em\u00bb text_orientation=\u00bbjustified\u00bb hover_enabled=\u00bb0&#8243; text_font_size_tablet=\u00bb\u00bb text_font_size_phone=\u00bb16px\u00bb text_font_size_last_edited=\u00bbon|phone\u00bb header_3_font_size_tablet=\u00bb40px\u00bb header_3_font_size_phone=\u00bb30px\u00bb header_3_font_size_last_edited=\u00bbon|phone\u00bb custom_css_main_element=\u00bb||\u00bb locked=\u00bboff\u00bb global_colors_info=\u00bb{}\u00bb custom_css_main_element_last_edited=\u00bboff|desktop\u00bb custom_css_main_element_tablet=\u00bbcolumn-count: 1;\u00bb custom_css_main_element_phone=\u00bbcolumn-count: 1;\u00bb sticky_enabled=\u00bb0&#8243;]<h2>Vinos de Argentina, Chile y Uruguay,<\/h2>\n<p>junto con los vinos de USA, Australia, Nueva Zelanda y Sud\u00e1frica, conforman la llamada regi\u00f3n del <em>Nuevo Mundo<\/em>. Es decir, aquellas regiones vin\u00edcolas que no pertenecen a las originarias europeas.<\/p>\n<p>Despu\u00e9s de tantas d\u00e9cadas en las que estos nuevos pa\u00edses han desarrollado una industria vin\u00edcola tan exitosa, considero que la clasificaci\u00f3n del Nuevo Mundo ya no es aplicable.<\/p>\n<p>Aunque las primeras cepas fueron tra\u00eddas de Europa a Chile y Argentina en la etapa <a href=\"\/\/www.guildsomm.com\/public_content\/features\/articles\/b\/kelli-white\/posts\/phylloxera-vastatrix%22\" target=\"%22_blank%22\" rel=\"%22noopener%22 noopener\">prefilox\u00e9rica<\/a>, es innegable que han encontrado en el entonces llamado Nuevo Mundo, un terru\u00f1o particular donde desarrollarse. Permiti\u00f3 la producci\u00f3n de vinos con caracter\u00edsticas propias. Estos vinos son distintivos de aquellos que pueden encontrarse en las regiones europeas originales. <a href=%22https:\/\/wineinspiration.de\/es\/vinos-celebracion\/%22>Catar vinos<\/a>de Argentina, Chile y Uruguay con una catadora profesional es una experiencia que vale la pena ser vivida.<\/p>\n<p>Los vinos sudamericanos llevan d\u00e9cadas despertando un enorme inter\u00e9s entre conocedores de vino, expertos y consumidores de todo el mundo, pero \u00bfqu\u00e9 los hace tan especiales?<\/p>[\/et_pb_text][\/et_pb_column][et_pb_column type=\u00bb2_5&#8243; _builder_version=\u00bb4.0.9&#8243; global_colors_info=\u00bb{}\u00bb][et_pb_image src=\u00bbhttps:\/\/wineinspiration.de\/wp-content\/uploads\/2021\/11\/20191026_192829-scaled.jpg\u00bb alt=\u00bbsouth american wines tasting\u00bb title_text=\u00bbsouth american wines tasting\u00bb _builder_version=\u00bb4.12.1&#8243; _module_preset=\u00bbdefault\u00bb box_shadow_style=\u00bbpreset3&#8243; global_colors_info=\u00bb{}\u00bb][\/et_pb_image][\/et_pb_column][\/et_pb_row][et_pb_row column_structure=\u00bb1_3,1_3,1_3&#8243; use_custom_gutter=\u00bbon\u00bb gutter_width=\u00bb2&#8243; make_equal=\u00bbon\u00bb _builder_version=\u00bb4.11.4&#8243; max_width=\u00bbnone\u00bb global_colors_info=\u00bb{}\u00bb][et_pb_column type=\u00bb1_3&#8243; _builder_version=\u00bb4.11.4&#8243; background_enable_color=\u00bboff\u00bb global_colors_info=\u00bb{}\u00bb][et_pb_text _builder_version=\u00bb4.11.4&#8243; _dynamic_attributes=\u00bblink_option_url\u00bb header_3_font=\u00bb|700||on|||||\u00bb header_3_font_size=\u00bb16px\u00bb header_3_letter_spacing=\u00bb6px\u00bb header_3_line_height=\u00bb1.2em\u00bb use_background_color_gradient=\u00bbon\u00bb background_color_gradient_start=\u00bbrgba(0,0,0,0)\u00bb background_color_gradient_end=\u00bb#6e3870&#8243; background_color_gradient_start_position=\u00bb30%\u00bb background_color_gradient_overlays_image=\u00bbon\u00bb background_image=\u00bbhttps:\/\/wineinspiration.de\/wp-content\/uploads\/2021\/11\/mendoza_MG_6270-scaled.jpg\u00bb z_index=\u00bb11&#8243; text_orientation=\u00bbcenter\u00bb background_layout=\u00bbdark\u00bb custom_margin=\u00bb||0px||false|false\u00bb custom_padding=\u00bb300px||100px||false|false\u00bb custom_padding_tablet=\u00bb80px||80px||true|false\u00bb custom_padding_phone=\u00bb\u00bb custom_padding_last_edited=\u00bbon|phone\u00bb link_option_url=\u00bb@ET-DC@eyJkeW5hbWljIjp0cnVlLCJjb250ZW50IjoicG9zdF9saW5rX3VybF9wYWdlIiwic2V0dGluZ3MiOnsicG9zdF9pZCI6IjIyNyJ9fQ==@\u00bb locked=\u00bboff\u00bb global_colors_info=\u00bb{}\u00bb custom_padding__hover=\u00bb280px||120px||false|false\u00bb custom_padding__hover_enabled=\u00bbon|desktop\u00bb]<h3>Argentina<\/h3>[\/et_pb_text][et_pb_button button_url=\u00bb@ET-DC@eyJkeW5hbWljIjp0cnVlLCJjb250ZW50IjoicG9zdF9saW5rX3VybF9wYWdlIiwic2V0dGluZ3MiOnsicG9zdF9pZCI6IjIyNyJ9fQ==@\u00bb button_text=\u00bb \u00bb button_alignment=\u00bbcenter\u00bb _builder_version=\u00bb4.13.0&#8243; _dynamic_attributes=\u00bbbutton_url\u00bb custom_button=\u00bbon\u00bb button_text_color=\u00bb#ffffff\u00bb button_bg_color=\u00bb#960301&#8243; button_border_width=\u00bb0px\u00bb button_border_radius=\u00bb0px\u00bb button_icon=\u00bb&#x24;||divi||400&#8243; button_on_hover=\u00bboff\u00bb transform_translate=\u00bb0px|-8px\u00bb transform_translate_linked=\u00bboff\u00bb custom_margin=\u00bb||||false|false\u00bb custom_padding=\u00bb10px|130px|34px|100px|false|false\u00bb global_colors_info=\u00bb{}\u00bb custom_padding__hover_enabled=\u00bbon|hover\u00bb custom_padding__hover=\u00bb6px||38px||false|false\u00bb custom_margin__hover_enabled=\u00bboff|desktop\u00bb transform_styles__hover_enabled=\u00bbon|hover\u00bb transform_translate__hover=\u00bb0px|0px\u00bb transform_translate__hover_enabled=\u00bbon|hover\u00bb transform_scale__hover_enabled=\u00bbon|desktop\u00bb transform_rotate__hover_enabled=\u00bbon|desktop\u00bb transform_skew__hover_enabled=\u00bbon|desktop\u00bb transform_origin__hover_enabled=\u00bbon|desktop\u00bb][\/et_pb_button][\/et_pb_column][et_pb_column type=\u00bb1_3&#8243; _builder_version=\u00bb4.11.4&#8243; background_enable_color=\u00bboff\u00bb global_colors_info=\u00bb{}\u00bb][et_pb_text _builder_version=\u00bb4.11.4&#8243; _dynamic_attributes=\u00bblink_option_url\u00bb header_3_font=\u00bb|700||on|||||\u00bb header_3_font_size=\u00bb16px\u00bb header_3_letter_spacing=\u00bb6px\u00bb header_3_line_height=\u00bb1.2em\u00bb use_background_color_gradient=\u00bbon\u00bb background_color_gradient_start=\u00bbrgba(0,0,0,0)\u00bb background_color_gradient_end=\u00bb#6e3870&#8243; background_color_gradient_start_position=\u00bb30%\u00bb background_color_gradient_overlays_image=\u00bbon\u00bb background_image=\u00bbhttps:\/\/wineinspiration.de\/wp-content\/uploads\/2021\/11\/paisaje-chile.jpg\u00bb z_index=\u00bb11&#8243; text_orientation=\u00bbcenter\u00bb background_layout=\u00bbdark\u00bb custom_margin=\u00bb||0px||false|false\u00bb custom_padding=\u00bb300px||100px||false|false\u00bb custom_padding_tablet=\u00bb80px||80px||true|false\u00bb custom_padding_phone=\u00bb\u00bb custom_padding_last_edited=\u00bbon|phone\u00bb link_option_url=\u00bb@ET-DC@eyJkeW5hbWljIjp0cnVlLCJjb250ZW50IjoicG9zdF9saW5rX3VybF9wYWdlIiwic2V0dGluZ3MiOnsicG9zdF9pZCI6IjI0NyJ9fQ==@\u00bb locked=\u00bboff\u00bb global_colors_info=\u00bb{}\u00bb border_color_bottom__hover_enabled=\u00bbon|desktop\u00bb border_color_bottom__hover=\u00bb#bebebe\u00bb custom_padding__hover=\u00bb280px||120px||false|false\u00bb custom_padding__hover_enabled=\u00bbon|desktop\u00bb]<h3>Chile<\/h3>[\/et_pb_text][et_pb_button button_url=\u00bb@ET-DC@eyJkeW5hbWljIjp0cnVlLCJjb250ZW50IjoicG9zdF9saW5rX3VybF9wYWdlIiwic2V0dGluZ3MiOnsicG9zdF9pZCI6IjI0NyJ9fQ==@\u00bb button_text=\u00bb \u00bb button_alignment=\u00bbcenter\u00bb _builder_version=\u00bb4.13.0&#8243; _dynamic_attributes=\u00bbbutton_url\u00bb custom_button=\u00bbon\u00bb button_text_color=\u00bb#ffffff\u00bb button_bg_color=\u00bb#960301&#8243; button_border_width=\u00bb0px\u00bb button_border_radius=\u00bb0px\u00bb button_icon=\u00bb&#x24;||divi||400&#8243; button_on_hover=\u00bboff\u00bb transform_translate=\u00bb0px|-8px\u00bb transform_translate_linked=\u00bboff\u00bb custom_margin=\u00bb||||false|false\u00bb custom_padding=\u00bb10px|130px|34px|100px|false|false\u00bb global_colors_info=\u00bb{}\u00bb custom_padding__hover_enabled=\u00bbon|hover\u00bb custom_padding__hover=\u00bb6px||38px||false|false\u00bb custom_margin__hover_enabled=\u00bboff|desktop\u00bb transform_styles__hover_enabled=\u00bbon|hover\u00bb transform_translate__hover=\u00bb0px|0px\u00bb transform_translate__hover_enabled=\u00bbon|hover\u00bb transform_scale__hover_enabled=\u00bbon|desktop\u00bb transform_rotate__hover_enabled=\u00bbon|desktop\u00bb transform_skew__hover_enabled=\u00bbon|desktop\u00bb transform_origin__hover_enabled=\u00bbon|desktop\u00bb][\/et_pb_button][\/et_pb_column][et_pb_column type=\u00bb1_3&#8243; _builder_version=\u00bb4.11.4&#8243; background_enable_color=\u00bboff\u00bb global_colors_info=\u00bb{}\u00bb][et_pb_text _builder_version=\u00bb4.11.4&#8243; _dynamic_attributes=\u00bblink_option_url\u00bb header_3_font=\u00bb|700||on|||||\u00bb header_3_font_size=\u00bb16px\u00bb header_3_letter_spacing=\u00bb6px\u00bb header_3_line_height=\u00bb1.2em\u00bb use_background_color_gradient=\u00bbon\u00bb background_color_gradient_start=\u00bbrgba(0,0,0,0)\u00bb background_color_gradient_end=\u00bb#6e3870&#8243; background_color_gradient_start_position=\u00bb30%\u00bb background_color_gradient_overlays_image=\u00bbon\u00bb background_image=\u00bbhttps:\/\/wineinspiration.de\/wp-content\/uploads\/2021\/11\/fondo-uruguay.jpg\u00bb z_index=\u00bb11&#8243; text_orientation=\u00bbcenter\u00bb background_layout=\u00bbdark\u00bb custom_margin=\u00bb||0px||false|false\u00bb custom_padding=\u00bb300px||100px||false|false\u00bb custom_padding_tablet=\u00bb80px||80px||true|false\u00bb custom_padding_phone=\u00bb\u00bb custom_padding_last_edited=\u00bbon|phone\u00bb link_option_url=\u00bb@ET-DC@eyJkeW5hbWljIjp0cnVlLCJjb250ZW50IjoicG9zdF9saW5rX3VybF9wYWdlIiwic2V0dGluZ3MiOnsicG9zdF9pZCI6IjI1NCJ9fQ==@\u00bb locked=\u00bboff\u00bb global_colors_info=\u00bb{}\u00bb border_color_bottom__hover_enabled=\u00bbon|desktop\u00bb border_color_bottom__hover=\u00bb#bebebe\u00bb custom_padding__hover=\u00bb280px||120px||false|false\u00bb custom_padding__hover_enabled=\u00bbon|desktop\u00bb]<h3>Uruguay<\/h3>[\/et_pb_text][et_pb_button button_url=\u00bb@ET-DC@eyJkeW5hbWljIjp0cnVlLCJjb250ZW50IjoicG9zdF9saW5rX3VybF9wYWdlIiwic2V0dGluZ3MiOnsicG9zdF9pZCI6IjI1NCJ9fQ==@\u00bb button_text=\u00bb \u00bb button_alignment=\u00bbcenter\u00bb _builder_version=\u00bb4.13.0&#8243; _dynamic_attributes=\u00bbbutton_url\u00bb custom_button=\u00bbon\u00bb button_text_color=\u00bb#ffffff\u00bb button_bg_color=\u00bb#960301&#8243; button_border_width=\u00bb0px\u00bb button_border_radius=\u00bb0px\u00bb button_icon=\u00bb&#x24;||divi||400&#8243; button_on_hover=\u00bboff\u00bb transform_translate=\u00bb0px|-8px\u00bb transform_translate_linked=\u00bboff\u00bb custom_margin=\u00bb||||false|false\u00bb custom_padding=\u00bb10px|130px|34px|100px|false|false\u00bb global_colors_info=\u00bb{}\u00bb custom_padding__hover_enabled=\u00bbon|hover\u00bb custom_padding__hover=\u00bb6px||38px||false|false\u00bb custom_margin__hover_enabled=\u00bboff|desktop\u00bb transform_styles__hover_enabled=\u00bbon|hover\u00bb transform_translate__hover=\u00bb0px|0px\u00bb transform_translate__hover_enabled=\u00bbon|hover\u00bb transform_scale__hover_enabled=\u00bbon|desktop\u00bb transform_rotate__hover_enabled=\u00bbon|desktop\u00bb transform_skew__hover_enabled=\u00bbon|desktop\u00bb transform_origin__hover_enabled=\u00bbon|desktop\u00bb][\/et_pb_button][\/et_pb_column][\/et_pb_row][\/et_pb_section]\n","protected":false},"excerpt":{"rendered":"<p>Vinos de Sudam\u00e9ricaVinos de Argentina, Chile y Uruguay, junto con los vinos de USA, Australia, Nueva Zelanda y Sud\u00e1frica, conforman la llamada regi\u00f3n del Nuevo Mundo. Es decir, aquellas regiones vin\u00edcolas que no pertenecen a las originarias europeas. Despu\u00e9s de tantas d\u00e9cadas en las que estos nuevos pa\u00edses han desarrollado una industria vin\u00edcola tan exitosa, [&hellip;]<\/p>\n","protected":false},"author":1,"featured_media":0,"parent":0,"menu_order":0,"comment_status":"closed","ping_status":"closed","template":"","meta":{"_et_pb_use_builder":"on","_et_pb_old_content":"","_et_gb_content_width":"","footnotes":""},"class_list":["post-514","page","type-page","status-publish","hentry"],"_links":{"self":[{"href":"https:\/\/wineinspiration.de\/es\/wp-json\/wp\/v2\/pages\/514","targetHints":{"allow":["GET"]}}],"collection":[{"href":"https:\/\/wineinspiration.de\/es\/wp-json\/wp\/v2\/pages"}],"about":[{"href":"https:\/\/wineinspiration.de\/es\/wp-json\/wp\/v2\/types\/page"}],"author":[{"embeddable":true,"href":"https:\/\/wineinspiration.de\/es\/wp-json\/wp\/v2\/users\/1"}],"replies":[{"embeddable":true,"href":"https:\/\/wineinspiration.de\/es\/wp-json\/wp\/v2\/comments?post=514"}],"version-history":[{"count":16,"href":"https:\/\/wineinspiration.de\/es\/wp-json\/wp\/v2\/pages\/514\/revisions"}],"predecessor-version":[{"id":739,"href":"https:\/\/wineinspiration.de\/es\/wp-json\/wp\/v2\/pages\/514\/revisions\/739"}],"wp:attachment":[{"href":"https:\/\/wineinspiration.de\/es\/wp-json\/wp\/v2\/media?parent=514"}],"curies":[{"name":"wp","href":"https:\/\/api.w.org\/{rel}","templated":true}]}}