{"id":508,"date":"2021-11-04T10:48:12","date_gmt":"2021-11-04T09:48:12","guid":{"rendered":"https:\/\/wineinspiration.de\/argentina\/"},"modified":"2021-11-17T12:41:18","modified_gmt":"2021-11-17T11:41:18","slug":"argentina","status":"publish","type":"page","link":"https:\/\/wineinspiration.de\/es\/argentina\/","title":{"rendered":"Argentina"},"content":{"rendered":"\n[et_pb_section fb_built=\u00bb1&#8243; next_background_color=\u00bb#ffffff\u00bb admin_label=\u00bbHeader\u00bb _builder_version=\u00bb4.11.4&#8243; use_background_color_gradient=\u00bbon\u00bb background_color_gradient_start=\u00bbrgba(255,255,255,0.67)\u00bb background_color_gradient_end=\u00bbrgba(255,255,255,0.3)\u00bb background_color_gradient_direction=\u00bb140deg\u00bb background_color_gradient_overlays_image=\u00bbon\u00bb background_image=\u00bbhttps:\/\/wineinspiration.de\/wp-content\/uploads\/2021\/11\/mendoza_MG_6270-scaled.jpg\u00bb max_width=\u00bb100%\u00bb custom_padding=\u00bb3vw||3vw||true|false\u00bb bottom_divider_style=\u00bbwaves2&#8243; bottom_divider_height=\u00bb50px\u00bb da_disable_devices=\u00bboff|off|off\u00bb box_shadow_style=\u00bbpreset4&#8243; box_shadow_horizontal=\u00bb30vw\u00bb box_shadow_vertical=\u00bb-15vw\u00bb box_shadow_color=\u00bb#dcc59d\u00bb locked=\u00bboff\u00bb global_colors_info=\u00bb{}\u00bb da_is_popup=\u00bboff\u00bb da_exit_intent=\u00bboff\u00bb da_has_close=\u00bbon\u00bb da_alt_close=\u00bboff\u00bb da_dark_close=\u00bboff\u00bb da_not_modal=\u00bbon\u00bb da_is_singular=\u00bboff\u00bb da_with_loader=\u00bboff\u00bb da_has_shadow=\u00bbon\u00bb][et_pb_row make_equal=\u00bbon\u00bb _builder_version=\u00bb4.11.4&#8243; max_width=\u00bbnone\u00bb locked=\u00bboff\u00bb global_colors_info=\u00bb{}\u00bb][et_pb_column type=\u00bb4_4&#8243; _builder_version=\u00bb4.11.4&#8243; custom_css_main_element=\u00bbmargin: auto;\u00bb global_colors_info=\u00bb{}\u00bb][et_pb_text _builder_version=\u00bb4.11.4&#8243; header_font=\u00bbPlayfair Display|500|||||||\u00bb header_font_size=\u00bb70px\u00bb header_line_height=\u00bb1.2em\u00bb header_2_font=\u00bbPlayfair Display|700|||||||\u00bb header_2_font_size=\u00bb20px\u00bb header_2_line_height=\u00bb1.2em\u00bb header_font_size_tablet=\u00bb80px\u00bb header_font_size_phone=\u00bb40px\u00bb header_font_size_last_edited=\u00bbon|phone\u00bb locked=\u00bboff\u00bb global_colors_info=\u00bb{}\u00bb]<h1>Argentina<\/h1>[\/et_pb_text][\/et_pb_column][\/et_pb_row][\/et_pb_section][et_pb_section fb_built=\u00bb1&#8243; admin_label=\u00bbAbout\u00bb _builder_version=\u00bb4.11.4&#8243; background_image=\u00bbhttps:\/\/wineinspiration.de\/wp-content\/uploads\/2021\/10\/fondo-ilustracion-home-blog.png\u00bb background_size=\u00bbcontain\u00bb custom_padding=\u00bb26px|||||\u00bb da_disable_devices=\u00bboff|off|off\u00bb global_colors_info=\u00bb{}\u00bb da_is_popup=\u00bboff\u00bb da_exit_intent=\u00bboff\u00bb da_has_close=\u00bbon\u00bb da_alt_close=\u00bboff\u00bb da_dark_close=\u00bboff\u00bb da_not_modal=\u00bbon\u00bb da_is_singular=\u00bboff\u00bb da_with_loader=\u00bboff\u00bb da_has_shadow=\u00bbon\u00bb][et_pb_row column_structure=\u00bb3_5,2_5&#8243; _builder_version=\u00bb4.11.4&#8243; max_width=\u00bbnone\u00bb global_colors_info=\u00bb{}\u00bb][et_pb_column type=\u00bb3_5&#8243; _builder_version=\u00bb4.0.9&#8243; global_colors_info=\u00bb{}\u00bb][et_pb_text _builder_version=\u00bb4.13.0&#8243; text_font_size=\u00bb16px\u00bb text_line_height=\u00bb2em\u00bb header_font=\u00bb||||||||\u00bb header_3_font=\u00bbPlayfair Display|700|||||||\u00bb header_3_font_size=\u00bb50px\u00bb header_3_line_height=\u00bb1.2em\u00bb text_orientation=\u00bbjustified\u00bb hover_enabled=\u00bb0&#8243; text_font_size_tablet=\u00bb\u00bb text_font_size_phone=\u00bb16px\u00bb text_font_size_last_edited=\u00bbon|phone\u00bb header_3_font_size_tablet=\u00bb40px\u00bb header_3_font_size_phone=\u00bb30px\u00bb header_3_font_size_last_edited=\u00bbon|phone\u00bb custom_css_main_element=\u00bb||\u00bb locked=\u00bboff\u00bb global_colors_info=\u00bb{}\u00bb custom_css_main_element_last_edited=\u00bboff|desktop\u00bb custom_css_main_element_tablet=\u00bbcolumn-count: 1;\u00bb custom_css_main_element_phone=\u00bbcolumn-count: 1;\u00bb sticky_enabled=\u00bb0&#8243;]<h2><a href=%22https:\/\/wineinspiration.de\/es\/vino-aromas\/%22>Catar grandes vinos de Argentina<\/a> puede ser una experiencia maravillosa:<\/h2>\n<p>Si hablamos de Argentina, pa\u00eds en el cu\u00e1l nac\u00ed, lo primero que debemos mencionar es que se trata del 5to productor vitivin\u00edcola del mundo, antecedido por Italia, Francia, Espa\u00f1a y Estados Unidos. Este pa\u00eds austral, se destaca por poseer la mayor\u00eda de sus vi\u00f1edos a gran altitud. Con 3800 km de extensi\u00f3n, y tambi\u00e9n con regiones m\u00e1s bajas en altura, ubicadas principalmente en la Patagonia, Buenos Aires o Entre R\u00edos, Argentina produce al pi\u00e9 de la cordillera de los Andes la mayor parte de sus vinos mundialmente reconocidos.<\/p>\n<p>La majestuosa Cordillera de los Andes regala paisajes realmente \u00fanicos, pero tambi\u00e9n sirve para detener los fr\u00edos y h\u00famedos vientos provenientes del Oc\u00e9ano Pac\u00edfico; transform\u00e1ndolos en m\u00e1s c\u00e1lidos y suaves. Por supuesto, este factor influye adem\u00e1s en la pureza del aire en el que las vides crecen. Asimismo, es el agua del deshielo de las nieves monta\u00f1osas la que desciende y se utiliza para el eventual riego, necesario debido a las condiciones des\u00e9rticas de los suelos; especialmente en la regi\u00f3n cuyana.<\/p>\n<p>Cuando hablamos de altura en los vi\u00f1edos, debemos se\u00f1alar que al Noroeste de este pa\u00eds, en provincias como <a href=\"\/\/andenweine.de\/en\/Salta\/%22\" target=\"%22_blank%22\" rel=\"%22noopener%22 noopener\">Salta<\/a>, Catamarca y Jujuy, las plantaciones pueden llegar a los 3300 metros sobre el nivel del mar. Y en la regi\u00f3n de Cuyo, en provincias como La Rioja, San Juan y la famosa <a href=\"\/\/andenweine.de\/en\/Mendoza\/%22\" target=\"%22_blank%22\" rel=\"%22noopener%22 noopener\">Mendoza<\/a>, las plantaciones pueden ir desde los 450 a los 2000 metros sobre el nivel del mar.<\/p>\n<p>La <a href=\"\/\/andenweine.de\/weinguru\/en\/why-is-altitude-a-decisive-factor-in-wine\/%22\" target=\"%22_blank%22\" rel=\"%22noopener%22 noopener\">altura<\/a>, sumada a otros factores, es tambi\u00e9n decisiva para el resultado final que llega a la botella. A mayor altitud, aumenta la exposici\u00f3n solar de las vi\u00f1as, generando que las pieles de las bayas se engrosen y facilitando en consecuencia vinos con m\u00e1s taninos y abundante color.<\/p>\n<p>Los vi\u00f1edos de altura son poseedores adem\u00e1s una \u00f3ptima amplitud t\u00e9rmica (diferencia de temperatura entre el d\u00eda y la noche). De este modo, los racimos obtienen durante el d\u00eda una mayor radiaci\u00f3n y calor, y un descanso fresco por la noche. El resultado de este proceso es una mayor acidez en la fruta y una gran concentraci\u00f3n de aromas en el vino.<\/p>[\/et_pb_text][\/et_pb_column][et_pb_column type=\u00bb2_5&#8243; _builder_version=\u00bb4.0.9&#8243; global_colors_info=\u00bb{}\u00bb][et_pb_image src=\u00bbhttps:\/\/wineinspiration.de\/wp-content\/uploads\/2021\/11\/MG_6092.jpg\u00bb alt=\u00bbvineyards in Mendoza\u00bb title_text=\u00bbvineyards in Mendoza\u00bb show_in_lightbox=\u00bbon\u00bb _builder_version=\u00bb4.12.1&#8243; _module_preset=\u00bbdefault\u00bb box_shadow_style=\u00bbpreset3&#8243; global_colors_info=\u00bb{}\u00bb][\/et_pb_image][et_pb_image src=\u00bbhttps:\/\/wineinspiration.de\/wp-content\/uploads\/2021\/11\/malbec.jpg\u00bb alt=\u00bbargentinian malbec grapes in Mendoza\u00bb title_text=\u00bbargentinian malbec grapes in Mendoza\u00bb show_in_lightbox=\u00bbon\u00bb _builder_version=\u00bb4.12.1&#8243; _module_preset=\u00bbdefault\u00bb box_shadow_style=\u00bbpreset3&#8243; global_colors_info=\u00bb{}\u00bb][\/et_pb_image][\/et_pb_column][\/et_pb_row][et_pb_row _builder_version=\u00bb4.11.4&#8243; max_width=\u00bbnone\u00bb custom_padding=\u00bb0px||||false|false\u00bb global_colors_info=\u00bb{}\u00bb][et_pb_column type=\u00bb4_4&#8243; _builder_version=\u00bb4.0.9&#8243; global_colors_info=\u00bb{}\u00bb][et_pb_text _builder_version=\u00bb4.13.0&#8243; text_font_size=\u00bb16px\u00bb text_line_height=\u00bb2em\u00bb header_font=\u00bb||||||||\u00bb header_3_font=\u00bbPlayfair Display|700|||||||\u00bb header_3_font_size=\u00bb50px\u00bb header_3_line_height=\u00bb1.2em\u00bb text_orientation=\u00bbjustified\u00bb hover_enabled=\u00bb0&#8243; text_font_size_tablet=\u00bb\u00bb text_font_size_phone=\u00bb16px\u00bb text_font_size_last_edited=\u00bbon|phone\u00bb header_3_font_size_tablet=\u00bb40px\u00bb header_3_font_size_phone=\u00bb30px\u00bb header_3_font_size_last_edited=\u00bbon|phone\u00bb custom_css_main_element=\u00bb||\u00bb locked=\u00bboff\u00bb global_colors_info=\u00bb{}\u00bb custom_css_main_element_last_edited=\u00bboff|desktop\u00bb custom_css_main_element_tablet=\u00bbcolumn-count: 1;\u00bb custom_css_main_element_phone=\u00bbcolumn-count: 1;\u00bb sticky_enabled=\u00bb0&#8243;]<p><span style=%22font-size: 16px;%22>Argentina es mucho m\u00e1s que <a href=\"\/\/andenweine.de\/en\/Argentinian-Malbec\/%22\" target=\"%22_blank%22\" rel=\"%22noopener%22 noopener\">Malbec<\/a>. Por supuesto, esta cepa que lleg\u00f3 desde Francia a estas tierras a mediados del siglo XIX, es la variedad que m\u00e1s reconocimiento mundial le ha dado a este pa\u00eds sudamericano. Si uno piensa en <a href=\"\/\/andenweine.de\/en\/Red-wine-from-Argentina\/%22\" target=\"%22_blank%22\" rel=\"%22noopener%22 noopener\">vino tinto argentino<\/a>, lo primero que viene a su mente es la palabra Malbec.<\/span><\/p>\n<p>Pero la industria vitivin\u00edcola argentina ha sabido producir (y lo sigue haciendo) maravillosos ejemplares de vino Bonarda (segunda cepa tinta m\u00e1s plantada en este pa\u00eds luego del Malbec), como tambi\u00e9n de Cabernet Sauvignon, Cabernet Franc, Tannat (menci\u00f3n aparte para los excelentes Tannat producidos en el Noroeste), Merlot, Pinot Noir o Syrah, entre otros.<\/p>\n<p>Y si hablamos de cepas blancas, as\u00ed como la uva Riesling identifica a los vinos blancos de Alemania, la uva <a href=\"\/\/andenweine.de\/en\/Argentinian-Torrontes\/%22\" target=\"%22_blank%22\" rel=\"%22noopener%22 noopener\">Torront\u00e9s<\/a> lo hace con Argentina. Esta uva \u00fanica, producto de la cruza entre Moscatel de Alejandr\u00eda y uva Criolla (nativa), se destaca por sus vinos de gran carga arom\u00e1tica, frescos, y de mediana acidez. Los vinos Sauvignon Blanc, Chardonnay, Viognier o Semill\u00f3n, tambi\u00e9n son altamente producidos y comercializados hoy en todo el mundo.<\/p>\n<p>Los vinos de corte (blends) tambi\u00e9n valen una menci\u00f3n, principalmente porque a lo largo de los a\u00f1os, los en\u00f3logos argentinos han buscado ir siempre m\u00e1s all\u00e1 de los l\u00edmites establecidos, creando combinaciones extraordinarias. Estos blends vienen siendo premiados por los principales cr\u00edticos y expertos del mundo del vino. <a href=%22https:\/\/wineinspiration.de\/es\/vino-aromas\/%22><\/a><\/p>\n<p><strong>Si alguna vez quieres probar algunas de estas variedades, conocer m\u00e1s acerca de su historia, sus caracter\u00edsticas y deleitarte con su sabor, no dudes en <a href=%22#contact%22>contactarme<\/a>.<\/strong><\/p>[\/et_pb_text][\/et_pb_column][\/et_pb_row][et_pb_row column_structure=\u00bb1_3,1_3,1_3&#8243; use_custom_gutter=\u00bbon\u00bb gutter_width=\u00bb2&#8243; make_equal=\u00bbon\u00bb _builder_version=\u00bb4.11.4&#8243; max_width=\u00bbnone\u00bb global_colors_info=\u00bb{}\u00bb][et_pb_column type=\u00bb1_3&#8243; _builder_version=\u00bb4.11.4&#8243; background_enable_color=\u00bboff\u00bb global_colors_info=\u00bb{}\u00bb][et_pb_text _builder_version=\u00bb4.11.4&#8243; _dynamic_attributes=\u00bblink_option_url\u00bb header_3_font=\u00bb|700||on|||||\u00bb header_3_font_size=\u00bb16px\u00bb header_3_letter_spacing=\u00bb6px\u00bb header_3_line_height=\u00bb1.2em\u00bb use_background_color_gradient=\u00bbon\u00bb background_color_gradient_start=\u00bbrgba(0,0,0,0)\u00bb background_color_gradient_end=\u00bb#6e3870&#8243; background_color_gradient_start_position=\u00bb30%\u00bb background_color_gradient_overlays_image=\u00bbon\u00bb background_image=\u00bbhttps:\/\/wineinspiration.de\/wp-content\/uploads\/2021\/10\/experiencias-general.jpg\u00bb z_index=\u00bb11&#8243; text_orientation=\u00bbcenter\u00bb background_layout=\u00bbdark\u00bb custom_margin=\u00bb||0px||false|false\u00bb custom_padding=\u00bb300px||100px||false|false\u00bb custom_padding_tablet=\u00bb80px||80px||true|false\u00bb custom_padding_phone=\u00bb\u00bb custom_padding_last_edited=\u00bbon|phone\u00bb link_option_url=\u00bb@ET-DC@eyJkeW5hbWljIjp0cnVlLCJjb250ZW50IjoicG9zdF9saW5rX3VybF9wYWdlIiwic2V0dGluZ3MiOnsicG9zdF9pZCI6IjE2NCJ9fQ==@\u00bb locked=\u00bboff\u00bb global_colors_info=\u00bb{}\u00bb custom_padding__hover=\u00bb280px||120px||false|false\u00bb custom_padding__hover_enabled=\u00bbon|desktop\u00bb]<h3>\u00bfCon ganas de una cata de vinos?<\/h3>[\/et_pb_text][et_pb_button button_url=\u00bb@ET-DC@eyJkeW5hbWljIjp0cnVlLCJjb250ZW50IjoicG9zdF9saW5rX3VybF9wYWdlIiwic2V0dGluZ3MiOnsicG9zdF9pZCI6IjE2NCJ9fQ==@\u00bb button_text=\u00bb \u00bb button_alignment=\u00bbcenter\u00bb _builder_version=\u00bb4.13.0&#8243; _dynamic_attributes=\u00bbbutton_url\u00bb custom_button=\u00bbon\u00bb button_text_color=\u00bb#ffffff\u00bb button_bg_color=\u00bb#960301&#8243; button_border_width=\u00bb0px\u00bb button_border_radius=\u00bb0px\u00bb button_icon=\u00bb&#x24;||divi||400&#8243; button_on_hover=\u00bboff\u00bb transform_translate=\u00bb0px|-8px\u00bb transform_translate_linked=\u00bboff\u00bb custom_margin=\u00bb||||false|false\u00bb custom_padding=\u00bb10px|130px|34px|100px|false|false\u00bb global_colors_info=\u00bb{}\u00bb custom_padding__hover_enabled=\u00bbon|hover\u00bb custom_padding__hover=\u00bb6px||38px||false|false\u00bb custom_margin__hover_enabled=\u00bboff|desktop\u00bb transform_styles__hover_enabled=\u00bbon|hover\u00bb transform_translate__hover=\u00bb0px|0px\u00bb transform_translate__hover_enabled=\u00bbon|hover\u00bb transform_scale__hover_enabled=\u00bbon|desktop\u00bb transform_rotate__hover_enabled=\u00bbon|desktop\u00bb transform_skew__hover_enabled=\u00bbon|desktop\u00bb transform_origin__hover_enabled=\u00bbon|desktop\u00bb][\/et_pb_button][\/et_pb_column][et_pb_column type=\u00bb1_3&#8243; _builder_version=\u00bb4.11.4&#8243; background_enable_color=\u00bboff\u00bb global_colors_info=\u00bb{}\u00bb][et_pb_text _builder_version=\u00bb4.11.4&#8243; _dynamic_attributes=\u00bblink_option_url\u00bb header_3_font=\u00bb|700||on|||||\u00bb header_3_font_size=\u00bb16px\u00bb header_3_letter_spacing=\u00bb6px\u00bb header_3_line_height=\u00bb1.2em\u00bb use_background_color_gradient=\u00bbon\u00bb background_color_gradient_start=\u00bbrgba(0,0,0,0)\u00bb background_color_gradient_end=\u00bb#6e3870&#8243; background_color_gradient_start_position=\u00bb30%\u00bb background_color_gradient_overlays_image=\u00bbon\u00bb background_image=\u00bbhttps:\/\/wineinspiration.de\/wp-content\/uploads\/2021\/11\/paisaje-chile.jpg\u00bb z_index=\u00bb11&#8243; text_orientation=\u00bbcenter\u00bb background_layout=\u00bbdark\u00bb custom_margin=\u00bb||0px||false|false\u00bb custom_padding=\u00bb300px||100px||false|false\u00bb custom_padding_tablet=\u00bb80px||80px||true|false\u00bb custom_padding_phone=\u00bb\u00bb custom_padding_last_edited=\u00bbon|phone\u00bb link_option_url=\u00bb@ET-DC@eyJkeW5hbWljIjp0cnVlLCJjb250ZW50IjoicG9zdF9saW5rX3VybF9wYWdlIiwic2V0dGluZ3MiOnsicG9zdF9pZCI6IjI0NyJ9fQ==@\u00bb locked=\u00bboff\u00bb global_colors_info=\u00bb{}\u00bb border_color_bottom__hover_enabled=\u00bbon|desktop\u00bb border_color_bottom__hover=\u00bb#bebebe\u00bb custom_padding__hover=\u00bb280px||120px||false|false\u00bb custom_padding__hover_enabled=\u00bbon|desktop\u00bb]<h3>Chile<\/h3>[\/et_pb_text][et_pb_button button_url=\u00bb@ET-DC@eyJkeW5hbWljIjp0cnVlLCJjb250ZW50IjoicG9zdF9saW5rX3VybF9wYWdlIiwic2V0dGluZ3MiOnsicG9zdF9pZCI6IjI0NyJ9fQ==@\u00bb button_text=\u00bb \u00bb button_alignment=\u00bbcenter\u00bb _builder_version=\u00bb4.13.0&#8243; _dynamic_attributes=\u00bbbutton_url\u00bb custom_button=\u00bbon\u00bb button_text_color=\u00bb#ffffff\u00bb button_bg_color=\u00bb#960301&#8243; button_border_width=\u00bb0px\u00bb button_border_radius=\u00bb0px\u00bb button_icon=\u00bb&#x24;||divi||400&#8243; button_on_hover=\u00bboff\u00bb transform_translate=\u00bb0px|-8px\u00bb transform_translate_linked=\u00bboff\u00bb custom_margin=\u00bb||||false|false\u00bb custom_padding=\u00bb10px|130px|34px|100px|false|false\u00bb global_colors_info=\u00bb{}\u00bb custom_padding__hover_enabled=\u00bbon|hover\u00bb custom_padding__hover=\u00bb6px||38px||false|false\u00bb custom_margin__hover_enabled=\u00bboff|desktop\u00bb transform_styles__hover_enabled=\u00bbon|hover\u00bb transform_translate__hover=\u00bb0px|0px\u00bb transform_translate__hover_enabled=\u00bbon|hover\u00bb transform_scale__hover_enabled=\u00bbon|desktop\u00bb transform_rotate__hover_enabled=\u00bbon|desktop\u00bb transform_skew__hover_enabled=\u00bbon|desktop\u00bb transform_origin__hover_enabled=\u00bbon|desktop\u00bb][\/et_pb_button][\/et_pb_column][et_pb_column type=\u00bb1_3&#8243; _builder_version=\u00bb4.11.4&#8243; background_enable_color=\u00bboff\u00bb global_colors_info=\u00bb{}\u00bb][et_pb_text _builder_version=\u00bb4.11.4&#8243; _dynamic_attributes=\u00bblink_option_url\u00bb header_3_font=\u00bb|700||on|||||\u00bb header_3_font_size=\u00bb16px\u00bb header_3_letter_spacing=\u00bb6px\u00bb header_3_line_height=\u00bb1.2em\u00bb use_background_color_gradient=\u00bbon\u00bb background_color_gradient_start=\u00bbrgba(0,0,0,0)\u00bb background_color_gradient_end=\u00bb#6e3870&#8243; background_color_gradient_start_position=\u00bb30%\u00bb background_color_gradient_overlays_image=\u00bbon\u00bb background_image=\u00bbhttps:\/\/wineinspiration.de\/wp-content\/uploads\/2021\/11\/fondo-uruguay.jpg\u00bb z_index=\u00bb11&#8243; text_orientation=\u00bbcenter\u00bb background_layout=\u00bbdark\u00bb custom_margin=\u00bb||0px||false|false\u00bb custom_padding=\u00bb300px||100px||false|false\u00bb custom_padding_tablet=\u00bb80px||80px||true|false\u00bb custom_padding_phone=\u00bb\u00bb custom_padding_last_edited=\u00bbon|phone\u00bb link_option_url=\u00bb@ET-DC@eyJkeW5hbWljIjp0cnVlLCJjb250ZW50IjoicG9zdF9saW5rX3VybF9wYWdlIiwic2V0dGluZ3MiOnsicG9zdF9pZCI6IjI1NCJ9fQ==@\u00bb locked=\u00bboff\u00bb global_colors_info=\u00bb{}\u00bb border_color_bottom__hover_enabled=\u00bbon|desktop\u00bb border_color_bottom__hover=\u00bb#bebebe\u00bb custom_padding__hover=\u00bb280px||120px||false|false\u00bb custom_padding__hover_enabled=\u00bbon|desktop\u00bb]<h3>Uruguay<\/h3>[\/et_pb_text][et_pb_button button_url=\u00bb@ET-DC@eyJkeW5hbWljIjp0cnVlLCJjb250ZW50IjoicG9zdF9saW5rX3VybF9wYWdlIiwic2V0dGluZ3MiOnsicG9zdF9pZCI6IjI1NCJ9fQ==@\u00bb button_text=\u00bb \u00bb button_alignment=\u00bbcenter\u00bb _builder_version=\u00bb4.13.0&#8243; _dynamic_attributes=\u00bbbutton_url\u00bb custom_button=\u00bbon\u00bb button_text_color=\u00bb#ffffff\u00bb button_bg_color=\u00bb#960301&#8243; button_border_width=\u00bb0px\u00bb button_border_radius=\u00bb0px\u00bb button_icon=\u00bb&#x24;||divi||400&#8243; button_on_hover=\u00bboff\u00bb transform_translate=\u00bb0px|-8px\u00bb transform_translate_linked=\u00bboff\u00bb custom_margin=\u00bb||||false|false\u00bb custom_padding=\u00bb10px|130px|34px|100px|false|false\u00bb global_colors_info=\u00bb{}\u00bb custom_padding__hover_enabled=\u00bbon|hover\u00bb custom_padding__hover=\u00bb6px||38px||false|false\u00bb custom_margin__hover_enabled=\u00bboff|desktop\u00bb transform_styles__hover_enabled=\u00bbon|hover\u00bb transform_translate__hover=\u00bb0px|0px\u00bb transform_translate__hover_enabled=\u00bbon|hover\u00bb transform_scale__hover_enabled=\u00bbon|desktop\u00bb transform_rotate__hover_enabled=\u00bbon|desktop\u00bb transform_skew__hover_enabled=\u00bbon|desktop\u00bb transform_origin__hover_enabled=\u00bbon|desktop\u00bb][\/et_pb_button][\/et_pb_column][\/et_pb_row][\/et_pb_section]\n","protected":false},"excerpt":{"rendered":"<p>ArgentinaCatar grandes vinos de Argentina puede ser una experiencia maravillosa: Si hablamos de Argentina, pa\u00eds en el cu\u00e1l nac\u00ed, lo primero que debemos mencionar es que se trata del 5to productor vitivin\u00edcola del mundo, antecedido por Italia, Francia, Espa\u00f1a y Estados Unidos. Este pa\u00eds austral, se destaca por poseer la mayor\u00eda de sus vi\u00f1edos a [&hellip;]<\/p>\n","protected":false},"author":1,"featured_media":0,"parent":0,"menu_order":0,"comment_status":"closed","ping_status":"closed","template":"","meta":{"_et_pb_use_builder":"on","_et_pb_old_content":"","_et_gb_content_width":"","footnotes":""},"class_list":["post-508","page","type-page","status-publish","hentry"],"_links":{"self":[{"href":"https:\/\/wineinspiration.de\/es\/wp-json\/wp\/v2\/pages\/508","targetHints":{"allow":["GET"]}}],"collection":[{"href":"https:\/\/wineinspiration.de\/es\/wp-json\/wp\/v2\/pages"}],"about":[{"href":"https:\/\/wineinspiration.de\/es\/wp-json\/wp\/v2\/types\/page"}],"author":[{"embeddable":true,"href":"https:\/\/wineinspiration.de\/es\/wp-json\/wp\/v2\/users\/1"}],"replies":[{"embeddable":true,"href":"https:\/\/wineinspiration.de\/es\/wp-json\/wp\/v2\/comments?post=508"}],"version-history":[{"count":7,"href":"https:\/\/wineinspiration.de\/es\/wp-json\/wp\/v2\/pages\/508\/revisions"}],"predecessor-version":[{"id":736,"href":"https:\/\/wineinspiration.de\/es\/wp-json\/wp\/v2\/pages\/508\/revisions\/736"}],"wp:attachment":[{"href":"https:\/\/wineinspiration.de\/es\/wp-json\/wp\/v2\/media?parent=508"}],"curies":[{"name":"wp","href":"https:\/\/api.w.org\/{rel}","templated":true}]}}